{"id":2598,"date":"2024-01-22T17:21:45","date_gmt":"2024-01-22T17:21:45","guid":{"rendered":"https:\/\/www.rudimentariomusic.com\/?page_id=2598"},"modified":"2024-01-22T17:21:45","modified_gmt":"2024-01-22T17:21:45","slug":"videos-rudimentarios","status":"publish","type":"page","link":"https:\/\/www.rudimentariomusic.com\/es\/videos-rudimentarios\/","title":{"rendered":"V\u00eddeos rudimentarios"},"content":{"rendered":"<section class=\"wpb-content-wrapper\"><div  class=\"vc_row wpb_row  in_container\"><div class=\"wpb_column vc_column_container vc_col-sm-12\"><div class=\"vc_column-inner\"><div class=\"wpb_wrapper\">\n\t<div class=\"wpb_text_column wpb_content_element\" >\n\t\t<div class=\"wpb_wrapper\">\n\t\t\t\n\n<div id=\"sb_youtube_sbyUCsj4LaqGeoH9NAMozNiuWZg98\" \n\t class=\"sb_youtube sby_layout_grid sby_col_2 sby_mob_col_1 sby_palette_inherit  sby_width_resp\" \n\tdata-feedid=\"sby_UCsj4LaqGeoH9NAMozNiuWZg#98\" \n\tdata-shortcode-atts=\"{&quot;feed&quot;:&quot;2&quot;}\" \n\tdata-cols=\"2\" \n\tdata-colsmobile=\"1\" \n\tdata-num=\"98\" \n\tdata-nummobile=\"98\" \n\tdata-channel-subscribers=\"7 subscribers\"\tdata-subscribe-btn=\"1\" \n\tdata-subscribe-btn-text=\"Subscribe\" \n\tdata_channel_header_colors =\"{&quot;channelName&quot;:&quot;&quot;,&quot;subscribeCount&quot;:&quot;&quot;,&quot;buttonBackground&quot;:&quot;&quot;,&quot;buttonText&quot;:&quot;&quot;}\"\n\t data-sby-flags=\"resizeDisable\" data-postid=\"2598\" data-sby-supports-lightbox=\"1\" \n\t data-videocardlayout=\"vertical\" \n>\n\t        <div class=\"sby_items_wrap\" style=\"padding: 5px;\">\n\t\t<div class=\"sby_item  sby_new sby_transition\" id=\"sby_VVVzajRMYXFHZW9IOU5BTW96Tml1V1pnLnRWUHpjd0FKODFF\" data-date=\"1746555971\" data-video-id=\"tVPzcwAJ81E\">\n    <div class=\"sby_inner_item\">\n        <div class=\"sby_video_thumbnail_wrap sby_item_video_thumbnail_wrap\">\n            <a class=\"sby_video_thumbnail sby_item_video_thumbnail\" href=\"https:\/\/www.youtube.com\/watch?v=tVPzcwAJ81E\" target=\"_blank\" rel=\"noopener\" data-full-res=\"https:\/\/i.ytimg.com\/vi\/tVPzcwAJ81E\/maxresdefault.jpg\" data-img-src-set=\"{&quot;120&quot;:&quot;https:\\\/\\\/i.ytimg.com\\\/vi\\\/tVPzcwAJ81E\\\/default.jpg&quot;,&quot;320&quot;:&quot;https:\\\/\\\/i.ytimg.com\\\/vi\\\/tVPzcwAJ81E\\\/mqdefault.jpg&quot;,&quot;480&quot;:&quot;https:\\\/\\\/i.ytimg.com\\\/vi\\\/tVPzcwAJ81E\\\/hqdefault.jpg&quot;,&quot;640&quot;:&quot;https:\\\/\\\/i.ytimg.com\\\/vi\\\/tVPzcwAJ81E\\\/sddefault.jpg&quot;}\" data-video-id=\"tVPzcwAJ81E\" data-video-title=\"VERNON MAYTONE &amp; KINKY LAB ALL STARS ( Pre-order)\">\n                <img decoding=\"async\" src=\"https:\/\/www.rudimentariomusic.com\/wp-content\/plugins\/feeds-for-youtube\/img\/placeholder.png\" alt=\"\ud83d\udd08\ud83d\udd09\ud83d\udd0aBrand new realease by Rudimentario Records alongside the loving legend\ud83c\uddef\ud83c\uddf2Mighty  Vernon Maytone\ud83c\udfb6\ud83c\udfb6\ud83c\udfb6and @kinkylabstudio\ud83c\udfa7Vocals\ud83c\udf99\ufe0f and lirycs \ud83d\udcdd by: @vernonmaytone at Buckley Studio ( Canada )Produced by @alejopeloche\ud83c\udf9a\ufe0fat @kinkylabstudio\ud83c\udfa7.Mixed by: Tuco at @goldenhenstudioMastering by @xavi_lek\ud83c\udf9b\ufe0f.Manifactured by @krakatoarecords\ud83d\udcc0.Artwork Sleeve  by @sailor_yokes\ud83d\udd8c\ufe0f.Artwork promo by @easyart77\ud83c\udfa8.Limited ediction!!!Don&#039;t miss It!!!Reserve your copy at:www.rudimentariomusic.com\ud83d\udca5PRE-ORDER UP UNTIL 31th MAY\ud83d\udca5\u2728\u2728\u2728\u2728\u2728\u2728\u2728\u2728\u2728\u2728\u2728\u2728\u2728\u2728\u2728\u2728\u2728\u2728\ud83d\udd08\ud83d\udd09\ud83d\udd0aNuevo lanzamiento en 7&quot; pulgadas de Rudimentario Records con la colaboraci\u00f3n de la leyenda en vida de\ud83c\uddef\ud83c\uddf2 Mighty Vernon Maytone \ud83c\udfb6\ud83c\udfb6\ud83c\udfb6 y @kinkylabstudio\ud83c\udfa7Voces\ud83c\udf99\ufe0f y letras \ud83d\udcdd de: @vernonmaytone en Buckley Studio ( Canad\u00e1 )Producudo por @alejopeloche\ud83c\udf9a\ufe0fat @kinkylabstudio\ud83c\udfa7.Mix de : Tuco en @goldenhenstudioMaster  de @xavi_lek\ud83c\udf9b\ufe0f.Fabricaci\u00f3n en@krakatoarecords\ud83d\udcc0.Dise\u00f1o de @sailor_yokes\ud83d\udd8c\ufe0f.Dise\u00f1o promo de @easyart77\ud83c\udfa8.Edici\u00f3n limitada!!No te lo puedes perder!!!!!Puedes reservar tu copia en: www.rudimentariomusic.com\ud83d\udca5RESERVA VALIDA HASTA EL 31 DE MAYO\ud83d\udca5#ska #rocksteady #reggae #dj #vinylcollection #soundsystem #7inch\">\n\n                <div class=\"sby_thumbnail_hover sby_item_video_thumbnail_hover\">\n                    <div class=\"sby_thumbnail_hover_inner\">\n                                                    <span class=\"sby_video_title\" >VERNON MAYTONE &amp; KINKY LAB ALL STARS (Pre-pedido)<\/span>\n                                            <\/div>\n                <\/div>\n\n                                    <div class=\"sby_play_btn\" >\n                        <span class=\"sby_play_btn_bg\"><\/span>\n                        <svg aria-hidden=\"true\" focusable=\"false\" data-prefix=\"fab\" data-icon=\"youtube\" role=\"img\" xmlns=\"http:\/\/www.w3.org\/2000\/svg\" viewbox=\"0 0 576 512\" class=\"svg-inline--fa fa-youtube fa-w-18\"><path fill=\"currentColor\" d=\"M549.655 124.083c-6.281-23.65-24.787-42.276-48.284-48.597C458.781 64 288 64 288 64S117.22 64 74.629 75.486c-23.497 6.322-42.003 24.947-48.284 48.597-11.412 42.867-11.412 132.305-11.412 132.305s0 89.438 11.412 132.305c6.281 23.65 24.787 41.5 48.284 47.821C117.22 448 288 448 288 448s170.78 0 213.371-11.486c23.497-6.321 42.003-24.171 48.284-47.821 11.412-42.867 11.412-132.305 11.412-132.305s0-89.438-11.412-132.305zm-317.51 213.508V175.185l142.739 81.205-142.739 81.201z\" class=\"\"><\/path><\/svg>                    <\/div>\n                                <span class=\"sby_loader sby_hidden\" style=\"background-color: rgb(255, 255, 255);\"><\/span>\n            <\/a>\n\n                    <\/div>\n    <\/div>\n<\/div><div class=\"sby_item  sby_new sby_transition\" id=\"sby_VVVzajRMYXFHZW9IOU5BTW96Tml1V1pnLl9BZnhERUZKWUMw\" data-date=\"1741960716\" data-video-id=\"_AfxDEFJYC0\">\n    <div class=\"sby_inner_item\">\n        <div class=\"sby_video_thumbnail_wrap sby_item_video_thumbnail_wrap\">\n            <a class=\"sby_video_thumbnail sby_item_video_thumbnail\" href=\"https:\/\/www.youtube.com\/watch?v=_AfxDEFJYC0\" target=\"_blank\" rel=\"noopener\" data-full-res=\"https:\/\/i.ytimg.com\/vi\/_AfxDEFJYC0\/maxresdefault.jpg\" data-img-src-set=\"{&quot;120&quot;:&quot;https:\\\/\\\/i.ytimg.com\\\/vi\\\/_AfxDEFJYC0\\\/default.jpg&quot;,&quot;320&quot;:&quot;https:\\\/\\\/i.ytimg.com\\\/vi\\\/_AfxDEFJYC0\\\/mqdefault.jpg&quot;,&quot;480&quot;:&quot;https:\\\/\\\/i.ytimg.com\\\/vi\\\/_AfxDEFJYC0\\\/hqdefault.jpg&quot;,&quot;640&quot;:&quot;https:\\\/\\\/i.ytimg.com\\\/vi\\\/_AfxDEFJYC0\\\/sddefault.jpg&quot;}\" data-video-id=\"_AfxDEFJYC0\" data-video-title=\"TANG TANG VALLEY 22\/02\/25\">\n                <img decoding=\"async\" src=\"https:\/\/www.rudimentariomusic.com\/wp-content\/plugins\/feeds-for-youtube\/img\/placeholder.png\" alt=\"Dance CrasherJack TNT DimasLula AttitudePapa-GIsi the ObserverPowered by Rudimentario Sound System Video by : Ricard Tejada\">\n\n                <div class=\"sby_thumbnail_hover sby_item_video_thumbnail_hover\">\n                    <div class=\"sby_thumbnail_hover_inner\">\n                                                    <span class=\"sby_video_title\" >VALLE DE TANG TANG 22\/02\/25<\/span>\n                                            <\/div>\n                <\/div>\n\n                                    <div class=\"sby_play_btn\" >\n                        <span class=\"sby_play_btn_bg\"><\/span>\n                        <svg aria-hidden=\"true\" focusable=\"false\" data-prefix=\"fab\" data-icon=\"youtube\" role=\"img\" xmlns=\"http:\/\/www.w3.org\/2000\/svg\" viewbox=\"0 0 576 512\" class=\"svg-inline--fa fa-youtube fa-w-18\"><path fill=\"currentColor\" d=\"M549.655 124.083c-6.281-23.65-24.787-42.276-48.284-48.597C458.781 64 288 64 288 64S117.22 64 74.629 75.486c-23.497 6.322-42.003 24.947-48.284 48.597-11.412 42.867-11.412 132.305-11.412 132.305s0 89.438 11.412 132.305c6.281 23.65 24.787 41.5 48.284 47.821C117.22 448 288 448 288 448s170.78 0 213.371-11.486c23.497-6.321 42.003-24.171 48.284-47.821 11.412-42.867 11.412-132.305 11.412-132.305s0-89.438-11.412-132.305zm-317.51 213.508V175.185l142.739 81.205-142.739 81.201z\" class=\"\"><\/path><\/svg>                    <\/div>\n                                <span class=\"sby_loader sby_hidden\" style=\"background-color: rgb(255, 255, 255);\"><\/span>\n            <\/a>\n\n                    <\/div>\n    <\/div>\n<\/div><div class=\"sby_item  sby_new sby_transition\" id=\"sby_VVVzajRMYXFHZW9IOU5BTW96Tml1V1pnLlF1cmNnMmdDMExF\" data-date=\"1732478331\" data-video-id=\"Qurcg2gC0LE\">\n    <div class=\"sby_inner_item\">\n        <div class=\"sby_video_thumbnail_wrap sby_item_video_thumbnail_wrap\">\n            <a class=\"sby_video_thumbnail sby_item_video_thumbnail\" href=\"https:\/\/www.youtube.com\/watch?v=Qurcg2gC0LE\" target=\"_blank\" rel=\"noopener\" data-full-res=\"https:\/\/i.ytimg.com\/vi\/Qurcg2gC0LE\/maxresdefault.jpg\" data-img-src-set=\"{&quot;120&quot;:&quot;https:\\\/\\\/i.ytimg.com\\\/vi\\\/Qurcg2gC0LE\\\/default.jpg&quot;,&quot;320&quot;:&quot;https:\\\/\\\/i.ytimg.com\\\/vi\\\/Qurcg2gC0LE\\\/mqdefault.jpg&quot;,&quot;480&quot;:&quot;https:\\\/\\\/i.ytimg.com\\\/vi\\\/Qurcg2gC0LE\\\/hqdefault.jpg&quot;,&quot;640&quot;:&quot;https:\\\/\\\/i.ytimg.com\\\/vi\\\/Qurcg2gC0LE\\\/sddefault.jpg&quot;}\" data-video-id=\"Qurcg2gC0LE\" data-video-title=\"DESTINATION  - Afternoon Party\">\n                <img decoding=\"async\" src=\"https:\/\/www.rudimentariomusic.com\/wp-content\/plugins\/feeds-for-youtube\/img\/placeholder.png\" alt=\"DESTINATION - Afternoon Party - 14\/05\/23*Rythmh and blues and oldies jamaicansSpecial Guests: *PHIL BUSH (UK)*EDWINA BUSH (UK)*ROY &amp; CLAIRE (UK)*JACK TNT(UK)Powered by : Rudimentario Sound SystemAt:Associaci\u00f3n Cultural Los Trecers (sant Adri\u00e0 de Bes\u00f2s - BARCELONA )\">\n\n                <div class=\"sby_thumbnail_hover sby_item_video_thumbnail_hover\">\n                    <div class=\"sby_thumbnail_hover_inner\">\n                                                    <span class=\"sby_video_title\" >DESTINO - Fiesta de la tarde<\/span>\n                                            <\/div>\n                <\/div>\n\n                                    <div class=\"sby_play_btn\" >\n                        <span class=\"sby_play_btn_bg\"><\/span>\n                        <svg aria-hidden=\"true\" focusable=\"false\" data-prefix=\"fab\" data-icon=\"youtube\" role=\"img\" xmlns=\"http:\/\/www.w3.org\/2000\/svg\" viewbox=\"0 0 576 512\" class=\"svg-inline--fa fa-youtube fa-w-18\"><path fill=\"currentColor\" d=\"M549.655 124.083c-6.281-23.65-24.787-42.276-48.284-48.597C458.781 64 288 64 288 64S117.22 64 74.629 75.486c-23.497 6.322-42.003 24.947-48.284 48.597-11.412 42.867-11.412 132.305-11.412 132.305s0 89.438 11.412 132.305c6.281 23.65 24.787 41.5 48.284 47.821C117.22 448 288 448 288 448s170.78 0 213.371-11.486c23.497-6.321 42.003-24.171 48.284-47.821 11.412-42.867 11.412-132.305 11.412-132.305s0-89.438-11.412-132.305zm-317.51 213.508V175.185l142.739 81.205-142.739 81.201z\" class=\"\"><\/path><\/svg>                    <\/div>\n                                <span class=\"sby_loader sby_hidden\" style=\"background-color: rgb(255, 255, 255);\"><\/span>\n            <\/a>\n\n                    <\/div>\n    <\/div>\n<\/div><div class=\"sby_item  sby_new sby_transition\" id=\"sby_VVVzajRMYXFHZW9IOU5BTW96Tml1V1pnLnVqUHg1cHhOdTh3\" data-date=\"1732477268\" data-video-id=\"ujPx5pxNu8w\">\n    <div class=\"sby_inner_item\">\n        <div class=\"sby_video_thumbnail_wrap sby_item_video_thumbnail_wrap\">\n            <a class=\"sby_video_thumbnail sby_item_video_thumbnail\" href=\"https:\/\/www.youtube.com\/watch?v=ujPx5pxNu8w\" target=\"_blank\" rel=\"noopener\" data-full-res=\"https:\/\/i.ytimg.com\/vi\/ujPx5pxNu8w\/maxresdefault.jpg\" data-img-src-set=\"{&quot;120&quot;:&quot;https:\\\/\\\/i.ytimg.com\\\/vi\\\/ujPx5pxNu8w\\\/default.jpg&quot;,&quot;320&quot;:&quot;https:\\\/\\\/i.ytimg.com\\\/vi\\\/ujPx5pxNu8w\\\/mqdefault.jpg&quot;,&quot;480&quot;:&quot;https:\\\/\\\/i.ytimg.com\\\/vi\\\/ujPx5pxNu8w\\\/hqdefault.jpg&quot;,&quot;640&quot;:&quot;https:\\\/\\\/i.ytimg.com\\\/vi\\\/ujPx5pxNu8w\\\/sddefault.jpg&quot;}\" data-video-id=\"ujPx5pxNu8w\" data-video-title=\"STARS ON PARADE*3\">\n                <img decoding=\"async\" src=\"https:\/\/www.rudimentariomusic.com\/wp-content\/plugins\/feeds-for-youtube\/img\/placeholder.png\" alt=\"STARS ON PARADE 16\/03\/24Special Guest :*ASHER-GProduced by : Soul Rockers and RudimentarioPowered by : Rudimentario Sound SystemAt:Associaci\u00f3n Cultural Los Trecers ( Sant Adri\u00e0 de Bes\u00f2s-BARCELONA )\">\n\n                <div class=\"sby_thumbnail_hover sby_item_video_thumbnail_hover\">\n                    <div class=\"sby_thumbnail_hover_inner\">\n                                                    <span class=\"sby_video_title\" >ESTRELLAS EN DESFILE*3<\/span>\n                                            <\/div>\n                <\/div>\n\n                                    <div class=\"sby_play_btn\" >\n                        <span class=\"sby_play_btn_bg\"><\/span>\n                        <svg aria-hidden=\"true\" focusable=\"false\" data-prefix=\"fab\" data-icon=\"youtube\" role=\"img\" xmlns=\"http:\/\/www.w3.org\/2000\/svg\" viewbox=\"0 0 576 512\" class=\"svg-inline--fa fa-youtube fa-w-18\"><path fill=\"currentColor\" d=\"M549.655 124.083c-6.281-23.65-24.787-42.276-48.284-48.597C458.781 64 288 64 288 64S117.22 64 74.629 75.486c-23.497 6.322-42.003 24.947-48.284 48.597-11.412 42.867-11.412 132.305-11.412 132.305s0 89.438 11.412 132.305c6.281 23.65 24.787 41.5 48.284 47.821C117.22 448 288 448 288 448s170.78 0 213.371-11.486c23.497-6.321 42.003-24.171 48.284-47.821 11.412-42.867 11.412-132.305 11.412-132.305s0-89.438-11.412-132.305zm-317.51 213.508V175.185l142.739 81.205-142.739 81.201z\" class=\"\"><\/path><\/svg>                    <\/div>\n                                <span class=\"sby_loader sby_hidden\" style=\"background-color: rgb(255, 255, 255);\"><\/span>\n            <\/a>\n\n                    <\/div>\n    <\/div>\n<\/div><div class=\"sby_item  sby_new sby_transition\" id=\"sby_VVVzajRMYXFHZW9IOU5BTW96Tml1V1pnLjhxR1FSZDNCaWFZ\" data-date=\"1732477013\" data-video-id=\"8qGQRd3BiaY\">\n    <div class=\"sby_inner_item\">\n        <div class=\"sby_video_thumbnail_wrap sby_item_video_thumbnail_wrap\">\n            <a class=\"sby_video_thumbnail sby_item_video_thumbnail\" href=\"https:\/\/www.youtube.com\/watch?v=8qGQRd3BiaY\" target=\"_blank\" rel=\"noopener\" data-full-res=\"https:\/\/i.ytimg.com\/vi\/8qGQRd3BiaY\/maxresdefault.jpg\" data-img-src-set=\"{&quot;120&quot;:&quot;https:\\\/\\\/i.ytimg.com\\\/vi\\\/8qGQRd3BiaY\\\/default.jpg&quot;,&quot;320&quot;:&quot;https:\\\/\\\/i.ytimg.com\\\/vi\\\/8qGQRd3BiaY\\\/mqdefault.jpg&quot;,&quot;480&quot;:&quot;https:\\\/\\\/i.ytimg.com\\\/vi\\\/8qGQRd3BiaY\\\/hqdefault.jpg&quot;,&quot;640&quot;:&quot;https:\\\/\\\/i.ytimg.com\\\/vi\\\/8qGQRd3BiaY\\\/sddefault.jpg&quot;}\" data-video-id=\"8qGQRd3BiaY\" data-video-title=\"STARS ON PARADE*2\">\n                <img decoding=\"async\" src=\"https:\/\/www.rudimentariomusic.com\/wp-content\/plugins\/feeds-for-youtube\/img\/placeholder.png\" alt=\"STARS ON PARADE  27\/01\/24Original reggae vintage partySpecial guests :*NAOKO THE ROCK*COCO GIRL*SOUL ROSEProduced by Soul Rockers &amp; RudimentrioPowered by: Rudimentario Sound SystemAt Associaci\u00f3n Cultural Los Trecers (Sant Adri\u00e0 de Bes\u00f2s - BARCELONA )\">\n\n                <div class=\"sby_thumbnail_hover sby_item_video_thumbnail_hover\">\n                    <div class=\"sby_thumbnail_hover_inner\">\n                                                    <span class=\"sby_video_title\" >ESTRELLAS EN DESFILE*2<\/span>\n                                            <\/div>\n                <\/div>\n\n                                    <div class=\"sby_play_btn\" >\n                        <span class=\"sby_play_btn_bg\"><\/span>\n                        <svg aria-hidden=\"true\" focusable=\"false\" data-prefix=\"fab\" data-icon=\"youtube\" role=\"img\" xmlns=\"http:\/\/www.w3.org\/2000\/svg\" viewbox=\"0 0 576 512\" class=\"svg-inline--fa fa-youtube fa-w-18\"><path fill=\"currentColor\" d=\"M549.655 124.083c-6.281-23.65-24.787-42.276-48.284-48.597C458.781 64 288 64 288 64S117.22 64 74.629 75.486c-23.497 6.322-42.003 24.947-48.284 48.597-11.412 42.867-11.412 132.305-11.412 132.305s0 89.438 11.412 132.305c6.281 23.65 24.787 41.5 48.284 47.821C117.22 448 288 448 288 448s170.78 0 213.371-11.486c23.497-6.321 42.003-24.171 48.284-47.821 11.412-42.867 11.412-132.305 11.412-132.305s0-89.438-11.412-132.305zm-317.51 213.508V175.185l142.739 81.205-142.739 81.201z\" class=\"\"><\/path><\/svg>                    <\/div>\n                                <span class=\"sby_loader sby_hidden\" style=\"background-color: rgb(255, 255, 255);\"><\/span>\n            <\/a>\n\n                    <\/div>\n    <\/div>\n<\/div><div class=\"sby_item  sby_new sby_transition\" id=\"sby_VVVzajRMYXFHZW9IOU5BTW96Tml1V1pnLkVZdE02Uk0wZ0Q0\" data-date=\"1732476272\" data-video-id=\"EYtM6RM0gD4\">\n    <div class=\"sby_inner_item\">\n        <div class=\"sby_video_thumbnail_wrap sby_item_video_thumbnail_wrap\">\n            <a class=\"sby_video_thumbnail sby_item_video_thumbnail\" href=\"https:\/\/www.youtube.com\/watch?v=EYtM6RM0gD4\" target=\"_blank\" rel=\"noopener\" data-full-res=\"https:\/\/i.ytimg.com\/vi\/EYtM6RM0gD4\/maxresdefault.jpg\" data-img-src-set=\"{&quot;120&quot;:&quot;https:\\\/\\\/i.ytimg.com\\\/vi\\\/EYtM6RM0gD4\\\/default.jpg&quot;,&quot;320&quot;:&quot;https:\\\/\\\/i.ytimg.com\\\/vi\\\/EYtM6RM0gD4\\\/mqdefault.jpg&quot;,&quot;480&quot;:&quot;https:\\\/\\\/i.ytimg.com\\\/vi\\\/EYtM6RM0gD4\\\/hqdefault.jpg&quot;,&quot;640&quot;:&quot;https:\\\/\\\/i.ytimg.com\\\/vi\\\/EYtM6RM0gD4\\\/sddefault.jpg&quot;}\" data-video-id=\"EYtM6RM0gD4\" data-video-title=\"STARS ON PARADE*1\">\n                <img decoding=\"async\" src=\"https:\/\/www.rudimentariomusic.com\/wp-content\/plugins\/feeds-for-youtube\/img\/placeholder.png\" alt=\"STARS ON PARADE 18\/11\/23Original reggae vintage party.Produced by Soul Rockers and RudimentarioGuests :TINY-T (UK)Powered by Rudimentario Sound SystemAt Associaci\u00f3n Cultural Los Trecers (Sant Adri\u00e0 de Bes\u00f2s-BARCELONA)\">\n\n                <div class=\"sby_thumbnail_hover sby_item_video_thumbnail_hover\">\n                    <div class=\"sby_thumbnail_hover_inner\">\n                                                    <span class=\"sby_video_title\" >ESTRELLAS EN DESFILE*1<\/span>\n                                            <\/div>\n                <\/div>\n\n                                    <div class=\"sby_play_btn\" >\n                        <span class=\"sby_play_btn_bg\"><\/span>\n                        <svg aria-hidden=\"true\" focusable=\"false\" data-prefix=\"fab\" data-icon=\"youtube\" role=\"img\" xmlns=\"http:\/\/www.w3.org\/2000\/svg\" viewbox=\"0 0 576 512\" class=\"svg-inline--fa fa-youtube fa-w-18\"><path fill=\"currentColor\" d=\"M549.655 124.083c-6.281-23.65-24.787-42.276-48.284-48.597C458.781 64 288 64 288 64S117.22 64 74.629 75.486c-23.497 6.322-42.003 24.947-48.284 48.597-11.412 42.867-11.412 132.305-11.412 132.305s0 89.438 11.412 132.305c6.281 23.65 24.787 41.5 48.284 47.821C117.22 448 288 448 288 448s170.78 0 213.371-11.486c23.497-6.321 42.003-24.171 48.284-47.821 11.412-42.867 11.412-132.305 11.412-132.305s0-89.438-11.412-132.305zm-317.51 213.508V175.185l142.739 81.205-142.739 81.201z\" class=\"\"><\/path><\/svg>                    <\/div>\n                                <span class=\"sby_loader sby_hidden\" style=\"background-color: rgb(255, 255, 255);\"><\/span>\n            <\/a>\n\n                    <\/div>\n    <\/div>\n<\/div><div class=\"sby_item  sby_new sby_transition\" id=\"sby_VVVzajRMYXFHZW9IOU5BTW96Tml1V1pnLnJWS1NVRDBfU0xN\" data-date=\"1705943976\" data-video-id=\"rVKSUD0_SLM\">\n    <div class=\"sby_inner_item\">\n        <div class=\"sby_video_thumbnail_wrap sby_item_video_thumbnail_wrap\">\n            <a class=\"sby_video_thumbnail sby_item_video_thumbnail\" href=\"https:\/\/www.youtube.com\/watch?v=rVKSUD0_SLM\" target=\"_blank\" rel=\"noopener\" data-full-res=\"https:\/\/i.ytimg.com\/vi\/rVKSUD0_SLM\/maxresdefault.jpg\" data-img-src-set=\"{&quot;120&quot;:&quot;https:\\\/\\\/i.ytimg.com\\\/vi\\\/rVKSUD0_SLM\\\/default.jpg&quot;,&quot;320&quot;:&quot;https:\\\/\\\/i.ytimg.com\\\/vi\\\/rVKSUD0_SLM\\\/mqdefault.jpg&quot;,&quot;480&quot;:&quot;https:\\\/\\\/i.ytimg.com\\\/vi\\\/rVKSUD0_SLM\\\/hqdefault.jpg&quot;,&quot;640&quot;:&quot;https:\\\/\\\/i.ytimg.com\\\/vi\\\/rVKSUD0_SLM\\\/sddefault.jpg&quot;}\" data-video-id=\"rVKSUD0_SLM\" data-video-title=\"DON COSMIC   WALK JACKIE WALK Official Music Video\">\n                <img decoding=\"async\" src=\"https:\/\/www.rudimentariomusic.com\/wp-content\/plugins\/feeds-for-youtube\/img\/placeholder.png\" alt=\"\">\n\n                <div class=\"sby_thumbnail_hover sby_item_video_thumbnail_hover\">\n                    <div class=\"sby_thumbnail_hover_inner\">\n                                                    <span class=\"sby_video_title\" >V\u00eddeo musical oficial de DON COSMIC WALK JACKIE WALK<\/span>\n                                            <\/div>\n                <\/div>\n\n                                    <div class=\"sby_play_btn\" >\n                        <span class=\"sby_play_btn_bg\"><\/span>\n                        <svg aria-hidden=\"true\" focusable=\"false\" data-prefix=\"fab\" data-icon=\"youtube\" role=\"img\" xmlns=\"http:\/\/www.w3.org\/2000\/svg\" viewbox=\"0 0 576 512\" class=\"svg-inline--fa fa-youtube fa-w-18\"><path fill=\"currentColor\" d=\"M549.655 124.083c-6.281-23.65-24.787-42.276-48.284-48.597C458.781 64 288 64 288 64S117.22 64 74.629 75.486c-23.497 6.322-42.003 24.947-48.284 48.597-11.412 42.867-11.412 132.305-11.412 132.305s0 89.438 11.412 132.305c6.281 23.65 24.787 41.5 48.284 47.821C117.22 448 288 448 288 448s170.78 0 213.371-11.486c23.497-6.321 42.003-24.171 48.284-47.821 11.412-42.867 11.412-132.305 11.412-132.305s0-89.438-11.412-132.305zm-317.51 213.508V175.185l142.739 81.205-142.739 81.201z\" class=\"\"><\/path><\/svg>                    <\/div>\n                                <span class=\"sby_loader sby_hidden\" style=\"background-color: rgb(255, 255, 255);\"><\/span>\n            <\/a>\n\n                    <\/div>\n    <\/div>\n<\/div><div class=\"sby_item  sby_new sby_transition\" id=\"sby_VVVzajRMYXFHZW9IOU5BTW96Tml1V1pnLk1GcS1RVkZvbnFj\" data-date=\"1705665537\" data-video-id=\"MFq-QVFonqc\">\n    <div class=\"sby_inner_item\">\n        <div class=\"sby_video_thumbnail_wrap sby_item_video_thumbnail_wrap\">\n            <a class=\"sby_video_thumbnail sby_item_video_thumbnail\" href=\"https:\/\/www.youtube.com\/watch?v=MFq-QVFonqc\" target=\"_blank\" rel=\"noopener\" data-full-res=\"https:\/\/i.ytimg.com\/vi\/MFq-QVFonqc\/hqdefault.jpg\" data-img-src-set=\"{&quot;120&quot;:&quot;https:\\\/\\\/i.ytimg.com\\\/vi\\\/MFq-QVFonqc\\\/default.jpg&quot;,&quot;320&quot;:&quot;https:\\\/\\\/i.ytimg.com\\\/vi\\\/MFq-QVFonqc\\\/mqdefault.jpg&quot;,&quot;480&quot;:&quot;https:\\\/\\\/i.ytimg.com\\\/vi\\\/MFq-QVFonqc\\\/hqdefault.jpg&quot;,&quot;640&quot;:&quot;https:\\\/\\\/i.ytimg.com\\\/vi\\\/MFq-QVFonqc\\\/sddefault.jpg&quot;}\" data-video-id=\"MFq-QVFonqc\" data-video-title=\"RUDIMENTARIO 10 YEARS\">\n                <img decoding=\"async\" src=\"https:\/\/www.rudimentariomusic.com\/wp-content\/plugins\/feeds-for-youtube\/img\/placeholder.png\" alt=\"22\/04\/202310 years of history of Rudimentario sound system.\">\n\n                <div class=\"sby_thumbnail_hover sby_item_video_thumbnail_hover\">\n                    <div class=\"sby_thumbnail_hover_inner\">\n                                                    <span class=\"sby_video_title\" >RUDIMENTARIO 10 A\u00d1OS<\/span>\n                                            <\/div>\n                <\/div>\n\n                                    <div class=\"sby_play_btn\" >\n                        <span class=\"sby_play_btn_bg\"><\/span>\n                        <svg aria-hidden=\"true\" focusable=\"false\" data-prefix=\"fab\" data-icon=\"youtube\" role=\"img\" xmlns=\"http:\/\/www.w3.org\/2000\/svg\" viewbox=\"0 0 576 512\" class=\"svg-inline--fa fa-youtube fa-w-18\"><path fill=\"currentColor\" d=\"M549.655 124.083c-6.281-23.65-24.787-42.276-48.284-48.597C458.781 64 288 64 288 64S117.22 64 74.629 75.486c-23.497 6.322-42.003 24.947-48.284 48.597-11.412 42.867-11.412 132.305-11.412 132.305s0 89.438 11.412 132.305c6.281 23.65 24.787 41.5 48.284 47.821C117.22 448 288 448 288 448s170.78 0 213.371-11.486c23.497-6.321 42.003-24.171 48.284-47.821 11.412-42.867 11.412-132.305 11.412-132.305s0-89.438-11.412-132.305zm-317.51 213.508V175.185l142.739 81.205-142.739 81.201z\" class=\"\"><\/path><\/svg>                    <\/div>\n                                <span class=\"sby_loader sby_hidden\" style=\"background-color: rgb(255, 255, 255);\"><\/span>\n            <\/a>\n\n                    <\/div>\n    <\/div>\n<\/div>    <\/div>\n    \n\t<div class=\"sby_footer\">\n\n\n<\/div>\n    \n\t\n<\/div>\n\n<style type=\"text\/css\">body #sb_youtube_sbyUCsj4LaqGeoH9NAMozNiuWZg98 .sby_caption_wrap .sby_caption { font-size: 13px !important}body #sb_youtube_sbyUCsj4LaqGeoH9NAMozNiuWZg98 .sby_follow_btn a:hover { box-shadow:inset 0 0 10px 20px rgb(255, 255, 255, .25) !important}body #sb_youtube_sbyUCsj4LaqGeoH9NAMozNiuWZg98[data-videostyle=boxed] .sby_items_wrap .sby_item .sby_inner_item { background-color: #ffffff !important}<\/style>\n\n\t\t<\/div>\n\t<\/div>\n<\/div><\/div><\/div><\/div>\n<\/section>","protected":false},"excerpt":{"rendered":"VERNON MAYTONE &amp; KINKY LAB ALL STARS ( Pre-order) TANG TANG VALLEY 22\/02\/25 DESTINATION - Afternoon Party STARS ON PARADE*3 [...]","protected":false},"author":2,"featured_media":0,"parent":0,"menu_order":0,"comment_status":"closed","ping_status":"closed","template":"","meta":{"footnotes":""},"class_list":["post-2598","page","type-page","status-publish","hentry"],"_links":{"self":[{"href":"https:\/\/www.rudimentariomusic.com\/es\/wp-json\/wp\/v2\/pages\/2598","targetHints":{"allow":["GET"]}}],"collection":[{"href":"https:\/\/www.rudimentariomusic.com\/es\/wp-json\/wp\/v2\/pages"}],"about":[{"href":"https:\/\/www.rudimentariomusic.com\/es\/wp-json\/wp\/v2\/types\/page"}],"author":[{"embeddable":true,"href":"https:\/\/www.rudimentariomusic.com\/es\/wp-json\/wp\/v2\/users\/2"}],"replies":[{"embeddable":true,"href":"https:\/\/www.rudimentariomusic.com\/es\/wp-json\/wp\/v2\/comments?post=2598"}],"version-history":[{"count":1,"href":"https:\/\/www.rudimentariomusic.com\/es\/wp-json\/wp\/v2\/pages\/2598\/revisions"}],"predecessor-version":[{"id":2599,"href":"https:\/\/www.rudimentariomusic.com\/es\/wp-json\/wp\/v2\/pages\/2598\/revisions\/2599"}],"wp:attachment":[{"href":"https:\/\/www.rudimentariomusic.com\/es\/wp-json\/wp\/v2\/media?parent=2598"}],"curies":[{"name":"wp","href":"https:\/\/api.w.org\/{rel}","templated":true}]}}