{"id":2425,"date":"2024-01-10T21:29:37","date_gmt":"2024-01-10T21:29:37","guid":{"rendered":"https:\/\/www.rudimentariomusic.com\/?post_type=product&#038;p=2425"},"modified":"2025-05-05T08:04:36","modified_gmt":"2025-05-05T08:04:36","slug":"this-is-ska-vol-2","status":"publish","type":"product","link":"https:\/\/www.rudimentariomusic.com\/es\/producto\/this-is-ska-vol-2\/","title":{"rendered":"Esto es Ska Vol.2"},"content":{"rendered":"<p>Un apasionante viaje al coraz\u00f3n de la m\u00fasica jamaicana a trav\u00e9s de 60 nuevas partituras del ritmo que cambi\u00f3 la faz del planeta musical.<br \/>\n\u00a1Hazlo ska!<\/p>\n<p>Tras el \u00e9xito del primer volumen de THIS IS SKA, volvemos con esta segunda entrega en la que encontrar\u00e9is:<br \/>\n60 nuevas partituras transcritas por primera vez por los maestros Josep Blanes y Pau Dangla.<\/p>\n<p>Una introducci\u00f3n detallada centrada en la Alpha Boys School, la instituci\u00f3n educativa que fue la semilla del nacimiento de la industria musical jamaiquina.<br \/>\nComentarios, de David \u201cDr Decker\u201d Vilches, que te transportar\u00e1n a los a\u00f1os dorados del ska y te pondr\u00e1n en contexto a la hora de saborear estos 60 incunables del mejor sonido jamaicano.<\/p>\n<p>C\u00f3digos QR en cada uno de los tracks para que puedas escucharlos e interpretarlos cuando quieras.<br \/>\nUn dise\u00f1o distintivo, encargado de acompa\u00f1ar todas nuestras ediciones Le Petit Mutant.<\/p>\n<p>Educaci\u00f3n musical<br \/>\nDada la buena acogida de nuestro primer volumen entre escuelas y docentes, en este segundo volumen quisimos rendir homenaje a una instituci\u00f3n educativa jamaicana sin la cual la m\u00fasica de esa peque\u00f1a isla caribe\u00f1a no habr\u00eda tenido la fuerza que ha tenido a lo largo de los a\u00f1os. Nos referimos al colegio cat\u00f3lico Alpha Boys School, responsable de la educaci\u00f3n musical de muchos de aquellos pioneros del ska, el jazz, el rocksteady y el reggae. Y qu\u00e9 mejor manera de agradecerle que haciendo un poco de historia para destacar la importancia y la profundidad de su contribuci\u00f3n.<\/p>\n<p>El sonido de los pioneros finalmente publicado<br \/>\nEl ska naci\u00f3 en la f\u00e9rtil tierra jamaicana, donde converg\u00edan el sonido tradicional del mento, la m\u00fasica de las big bands (swing, boleros, standards de jazz\u2026) y el rhythm&#039;n&#039;blues que llegaba por las potentes emisoras norteamericanas que emit\u00edan desde Miami o Nueva Orleans.<br \/>\nPioneros como Don Drummond, Ernest Ranglin, Val Bennett o los hermanos Gaynar dieron vida a ese tipo de blues tropical que impuls\u00f3 la industria musical de la isla y se convirti\u00f3 en el ritmo de la independencia a partir de 1962. Con esta colecci\u00f3n de partituras podr\u00e1s disponer, por primera vez desde su creaci\u00f3n, de una gu\u00eda detallada para interpretar la m\u00fasica de aquellos pioneros.<\/p>","protected":false},"excerpt":{"rendered":"<ul>\n<li>Josep Blanes \/ Pau Dangla<\/li>\n<li>Idioma Castellano<\/li>\n<li>Tama\u00f1o 32\u00d724<\/li>\n<li>101 p\u00e1ginas<\/li>\n<\/ul>","protected":false},"featured_media":2426,"template":"","meta":[],"product_brand":[],"product_cat":[30],"product_tag":[],"class_list":{"0":"post-2425","1":"product","2":"type-product","3":"status-publish","4":"has-post-thumbnail","6":"product_cat-libros","7":"product_shipping_class-libro","9":"first","10":"instock","11":"taxable","12":"shipping-taxable","13":"purchasable","14":"product-type-simple"},"_links":{"self":[{"href":"https:\/\/www.rudimentariomusic.com\/es\/wp-json\/wp\/v2\/product\/2425","targetHints":{"allow":["GET"]}}],"collection":[{"href":"https:\/\/www.rudimentariomusic.com\/es\/wp-json\/wp\/v2\/product"}],"about":[{"href":"https:\/\/www.rudimentariomusic.com\/es\/wp-json\/wp\/v2\/types\/product"}],"wp:featuredmedia":[{"embeddable":true,"href":"https:\/\/www.rudimentariomusic.com\/es\/wp-json\/wp\/v2\/media\/2426"}],"wp:attachment":[{"href":"https:\/\/www.rudimentariomusic.com\/es\/wp-json\/wp\/v2\/media?parent=2425"}],"wp:term":[{"taxonomy":"product_brand","embeddable":true,"href":"https:\/\/www.rudimentariomusic.com\/es\/wp-json\/wp\/v2\/product_brand?post=2425"},{"taxonomy":"product_cat","embeddable":true,"href":"https:\/\/www.rudimentariomusic.com\/es\/wp-json\/wp\/v2\/product_cat?post=2425"},{"taxonomy":"product_tag","embeddable":true,"href":"https:\/\/www.rudimentariomusic.com\/es\/wp-json\/wp\/v2\/product_tag?post=2425"}],"curies":[{"name":"wp","href":"https:\/\/api.w.org\/{rel}","templated":true}]}}